{"id":18,"date":"2019-02-04T10:36:25","date_gmt":"2019-02-04T09:36:25","guid":{"rendered":"http:\/\/ambervale.net\/?page_id=18"},"modified":"2025-06-24T21:11:25","modified_gmt":"2025-06-24T19:11:25","slug":"accueil","status":"publish","type":"page","link":"https:\/\/ambervale.net\/","title":{"rendered":"Accueil"},"content":{"rendered":"<div class=\"vce-row-container\"><div class=\"vce-row vce-element--has-background vce-row--col-gap-30 vce-row-no-paddings vce-row-content--middle\" data-vce-full-width=\"true\" data-vce-stretch-content=\"true\" id=\"el-47ead226\" data-vce-do-apply=\"all el-47ead226\"><div class=\"vce-content-background-container\"><div class=\"vce-asset-background-simple-container vce-visible-all-only vce-asset-background-simple--style-cover vce-asset-background-simple--position-center-center\"><div class=\"vce-asset-background-simple\">\n              <div class=\"vce-asset-background-simple-item vcv-lozad\" data-background-image=\"https:\/\/ambervale.net\/wp-content\/uploads\/2023\/04\/Banniere.png\"><\/div>\n              <noscript>\n                <div class=\"vce-asset-background-simple-item\" style=\"background-image: url(https:\/\/ambervale.net\/wp-content\/uploads\/2023\/04\/Banniere.png)\"><\/div>\n              <\/noscript>\n            <\/div><\/div><\/div><div class=\"vce-row-content\" data-vce-element-content=\"true\"><div class=\"vce-col vce-col--md-auto vce-col--xs-1 vce-col--xs-last vce-col--xs-first vce-col--sm-last vce-col--sm-first vce-col--md-last vce-col--lg-last vce-col--xl-last vce-col--md-first vce-col--lg-first vce-col--xl-first\" id=\"el-879d06e2\"><div class=\"vce-col-inner\" data-vce-do-apply=\"border margin background  el-879d06e2\"><div class=\"vce-col-content\" data-vce-element-content=\"true\" data-vce-do-apply=\"padding el-879d06e2\"><div class=\"vcv-row-control-wrapper\"><\/div><\/div><\/div><\/div><\/div><\/div><\/div><div class=\"vce-row-container\"><div class=\"vce-row vce-element--has-background vce-row--col-gap-30 vce-row-no-paddings vce-row-content--top\" data-vce-full-width=\"true\" data-vce-stretch-content=\"true\" id=\"el-23246f04\" data-vce-do-apply=\"all el-23246f04\"><div class=\"vce-content-background-container\"><div class=\"vce-asset-background-simple-container vce-visible-all-only vce-asset-background-simple--style-cover vce-asset-background-simple--position-center-top\"><div class=\"vce-asset-background-simple\">\n              <div class=\"vce-asset-background-simple-item vcv-lozad\" data-background-image=\"https:\/\/ambervale.net\/wp-content\/uploads\/2019\/02\/Rejoignez-nous_PNG.png\"><\/div>\n              <noscript>\n                <div class=\"vce-asset-background-simple-item\" style=\"background-image: url(https:\/\/ambervale.net\/wp-content\/uploads\/2019\/02\/Rejoignez-nous_PNG.png)\"><\/div>\n              <\/noscript>\n            <\/div><\/div><\/div><div class=\"vce-row-content\" data-vce-element-content=\"true\"><div class=\"vce-col vce-col--md-42p vce-col--xs-1 vce-col--xs-last vce-col--xs-first vce-col--sm-last vce-col--sm-first vce-col--md-first vce-col--lg-first vce-col--xl-first\" id=\"el-a9b55f43\"><div class=\"vce-col-inner\" data-vce-do-apply=\"border margin background  el-a9b55f43\"><div class=\"vce-col-content\" data-vce-element-content=\"true\" data-vce-do-apply=\"padding el-a9b55f43\"><div class=\"vce-button--style-basic-container vce-button--style-basic-container--align-right\"><span class=\"vce-button--style-basic-wrapper vce\" id=\"el-03fe4169\" data-vce-do-apply=\"margin el-03fe4169\"><a class=\"vce-button vce-button--style-basic vce-button--style-basic--border-square vce-button--style-basic--size-large vce-button--style-basic--color-b-253-208-81--b-0-0-0 vce-button--style-basic--hover-color-b-255-255-255--b-0-0-0\" href=\"https:\/\/ambervale.net\/index.php\/rejoindre\/\" title=\"\" data-vce-do-apply=\"padding border background  el-03fe4169\">Nous Rejoindre<\/a><\/span><\/div><\/div><\/div><\/div><div class=\"vce-col vce-col--md-58p vce-col--xs-1 vce-col--xs-last vce-col--xs-first vce-col--sm-last vce-col--sm-first vce-col--md-last vce-col--lg-last vce-col--xl-last\" id=\"el-2890f8b9\"><div class=\"vce-col-inner\" data-vce-do-apply=\"border margin background  el-2890f8b9\"><div class=\"vce-content-background-container\"><div class=\"vce-asset-parallax-container vce-visible-all-only\" data-vce-assets-parallax=\".vce-asset-parallax\"><div class=\"vce-asset-parallax\" style=\"top: -30vh; bottom: -30vh; transform: translateY(30vh);\"><\/div><\/div><\/div><div class=\"vce-col-content\" data-vce-element-content=\"true\" data-vce-do-apply=\"padding el-2890f8b9\"><div class=\"vce-text-block\"><div class=\"vce-text-block-wrapper vce\" id=\"el-5e37c09e\" data-vce-do-apply=\"all el-5e37c09e\"><p><strong>AMBERVALE<\/strong> est un serveur <strong>Full-<\/strong><strong>RP<\/strong> utilisant <span style=\"color: #ffcc00;\">Minecraft 1.18.2<\/span> <br>comme plateau de jeu.<br>Cr\u00e9ez votre personnage et \u00e9crivez votre histoire dans un<br>nouveau monde rempli de myst\u00e8res et de dangers o\u00f9 vos<br>actions influenceront le cours de l'histoire.<\/p><\/div><\/div><\/div><\/div><\/div><\/div><\/div><\/div><div class=\"vce-row-container\"><div class=\"vce-row vce-row--col-gap-0 vce-row-no-paddings vce-row-content--top\" data-vce-full-width=\"true\" data-vce-stretch-content=\"true\" id=\"el-03bd1b7a\" data-vce-do-apply=\"all el-03bd1b7a\"><div class=\"vce-content-background-container\"><\/div><div class=\"vce-row-content\" data-vce-element-content=\"true\"><div class=\"vce-col vce-col--md-100p vce-col--xs-1 vce-col--xs-last vce-col--xs-first vce-col--sm-last vce-col--sm-first vce-col--md-last vce-col--lg-last vce-col--xl-last vce-col--md-first vce-col--lg-first vce-col--xl-first\" id=\"el-506c57e8\"><div class=\"vce-col-inner\" data-vce-do-apply=\"border margin background  el-506c57e8\"><div class=\"vce-content-background-container\"><\/div><div class=\"vce-col-content\" data-vce-element-content=\"true\" data-vce-do-apply=\"padding el-506c57e8\"><section class=\"vce-hero-section-container vce-hero-section-media--xs vce-hero-section-media--sm vce-hero-section-media--md vce-hero-section-media--lg vce-hero-section-media--xl\"><div class=\"vce vce-hero-section vce-hero-section--alignment-start\" id=\"el-56aff3f4\" data-vce-do-apply=\"margin background border  el-56aff3f4\" data-vce-background-image-all=\"https:\/\/ambervale.net\/wp-content\/uploads\/2023\/10\/Adale-5-scaled.jpg\" data-vce-background-image=\"all\" data-vce-lozad=\"true\"><div class=\"vce-hero-section--wrap-row\"><div class=\"vce-hero-section--wrap\"><div class=\"vce-hero-section--content\" data-vce-do-apply=\"padding el-56aff3f4\"><div class=\"vce-hero-section--content-container\"><div style=\"background-color: rgba(0, 0, 0, 0.6); padding: 50px;\">\n<h2 style=\"color: #ffffff; text-align: left;\">UN MONDE CHARG\u00c9 D'HISTOIRE<\/h2>\n<p style=\"text-align: left;\">Peupl\u00e9 de civilisations \u00e0 l'histoire riche et de ruines au pass\u00e9 myst\u00e9rieux, le continent d'Elianor n'attend que vous pour en d\u00e9couvrir ses secrets!<\/p>\n<\/div><\/div><div class=\"\"><\/div><\/div><\/div><\/div><\/div><\/section><\/div><\/div><\/div><\/div><\/div><\/div><div class=\"vce-row-container\"><div class=\"vce-row vce-row--col-gap-0 vce-row-no-paddings vce-row-content--top\" data-vce-full-width=\"true\" data-vce-stretch-content=\"true\" id=\"el-fe42c04e\" data-vce-do-apply=\"all el-fe42c04e\"><div class=\"vce-content-background-container\"><\/div><div class=\"vce-row-content\" data-vce-element-content=\"true\"><div class=\"vce-col vce-col--md-100p vce-col--xs-1 vce-col--xs-last vce-col--xs-first vce-col--sm-last vce-col--sm-first vce-col--md-last vce-col--lg-last vce-col--xl-last vce-col--md-first vce-col--lg-first vce-col--xl-first\" id=\"el-c8b7cfae\"><div class=\"vce-col-inner\" data-vce-do-apply=\"border margin background  el-c8b7cfae\"><div class=\"vce-content-background-container\"><\/div><div class=\"vce-col-content\" data-vce-element-content=\"true\" data-vce-do-apply=\"padding el-c8b7cfae\"><section class=\"vce-hero-section-container vce-hero-section-media--xs vce-hero-section-media--sm vce-hero-section-media--md vce-hero-section-media--lg vce-hero-section-media--xl\"><div class=\"vce vce-hero-section vce-hero-section--alignment-end\" id=\"el-8fdf57ce\" data-vce-do-apply=\"margin background border  el-8fdf57ce\" data-vce-background-image-all=\"https:\/\/ambervale.net\/wp-content\/uploads\/2023\/11\/Celianth-2.png\" data-vce-background-image=\"all\" data-vce-lozad=\"true\"><div class=\"vce-hero-section--wrap-row\"><div class=\"vce-hero-section--wrap\"><div class=\"vce-hero-section--content\" data-vce-do-apply=\"padding el-8fdf57ce\"><div class=\"vce-hero-section--content-container\"><div style=\"background-color: rgba(0, 0, 0, 0.6); padding: 50px;\">\n<h2 style=\"text-align: left;\">UNE CUSTOMISATION RICHE<\/h2>\n<p style=\"text-align: left;\">Que vous soyez un guerrier, un voleur ou un mage, profitez d'un large choix de comp\u00e9tences qui vous permettra de trouver votre style de jeu, et d'une libert\u00e9 totale sur l'apparence de vos personnages<\/p>\n<\/div><\/div><div class=\"\"><\/div><\/div><\/div><\/div><\/div><\/section><\/div><\/div><\/div><\/div><\/div><\/div><div class=\"vce-row-container\"><div class=\"vce-row vce-row--col-gap-30 vce-row-equal-height vce-row-content--top\" data-vce-full-width=\"true\" data-vce-stretch-content=\"true\" id=\"el-c8886c50\" data-vce-do-apply=\"all el-c8886c50\"><div class=\"vce-row-content\" data-vce-element-content=\"true\"><div class=\"vce-col vce-col--md-auto vce-col--xs-1 vce-col--xs-last vce-col--xs-first vce-col--sm-last vce-col--sm-first vce-col--md-first vce-col--lg-first vce-col--xl-first\" id=\"el-1dd00165\"><div class=\"vce-col-inner\" data-vce-do-apply=\"border margin background  el-1dd00165\"><div class=\"vce-col-content\" data-vce-element-content=\"true\" data-vce-do-apply=\"padding el-1dd00165\"><section class=\"vce-hero-section-container vce-hero-section-media--xs vce-hero-section-media--sm\"><div class=\"vce vce-hero-section\" id=\"el-06f4efbc\" data-vce-do-apply=\"margin background border  el-06f4efbc\"><div class=\"vce-hero-section--wrap-row\"><div class=\"vce-hero-section--wrap\"><div class=\"vce-hero-section--content\" data-vce-do-apply=\"padding el-06f4efbc\"><div class=\"vce-hero-section--content-container\"><h1 style=\"color: #fff; text-shadow: -1px 0 black, 0 1px black, 1px 0 black, 0 -1px black;\">LES R\u00c8GLES<\/h1>\n<p>&nbsp;<\/p>\n<p style=\"color: #ffffff; text-align: justify; backdrop-filter: blur(6px); padding: 10px; border-radius: 5px; text-shadow: -1px 0 black, 0 1px black, 1px 0 black, 0 -1px black;\"><span style=\"text-align: center;\">Les r\u00e8gles, la partie la plus importante <\/span><span style=\"text-align: center;\">\u00e0 lire pour rejoindre le serveur et <\/span><span style=\"text-align: center;\">bien s'entendre avec la communaut\u00e9. Les r\u00e8gles sont simples et permettent de cr\u00e9er un environnement propice au roleplay.<\/span><\/p><\/div><div class=\"vce-button--style-basic-container vce-button--style-basic-container--align-center\"><span class=\"vce-button--style-basic-wrapper vce vce-button--style-basic-wrapper--stretched\" id=\"el-ebb334b6\" data-vce-do-apply=\"margin el-ebb334b6\"><a class=\"vce-button vce-button--style-basic vce-button--style-basic--border-rounded vce-button--style-basic--size-large vce-button--style-basic--color-b-255-192-0--fff\" href=\"https:\/\/ambervale.net\/index.php\/reglement2\/\" title=\"\" data-vce-do-apply=\"padding border background  el-ebb334b6\">Lire le r\u00e8glement<\/a><\/span><\/div><\/div><\/div><\/div><\/div><\/section><\/div><\/div><\/div><div class=\"vce-col vce-col--md-auto vce-col--xs-1 vce-col--xs-last vce-col--xs-first vce-col--sm-last vce-col--sm-first\" id=\"el-5536bdaf\"><div class=\"vce-col-inner\" data-vce-do-apply=\"border margin background  el-5536bdaf\"><div class=\"vce-col-content\" data-vce-element-content=\"true\" data-vce-do-apply=\"padding el-5536bdaf\"><section class=\"vce-hero-section-container vce-hero-section-media--xs vce-hero-section-media--sm\"><div class=\"vce vce-hero-section\" id=\"el-0a040daa\" data-vce-do-apply=\"margin background border  el-0a040daa\"><div class=\"vce-hero-section--wrap-row\"><div class=\"vce-hero-section--wrap\"><div class=\"vce-hero-section--content\" data-vce-do-apply=\"padding el-0a040daa\"><div class=\"vce-hero-section--content-container\"><h1 style=\"color: #fff; text-shadow: -1px 0 black, 0 1px black, 1px 0 black, 0 -1px black;\">L'UNIVERS<\/h1>\n<p>&nbsp;<\/p>\n<p style=\"color: #ffffff; text-align: justify; backdrop-filter: blur(6px); padding: 10px; border-radius: 5px; text-shadow: -1px 0 black, 0 1px black, 1px 0 black, 0 -1px black;\">Pour en apprendre plus sur l'univers d'Ambervale ! Qu'il s'agisse des races, des royaumes,&nbsp; de la carte, de l'histoire, ou encore sur les diff\u00e9rents syst\u00e8mes de combat, de magie et d'artisanat.<\/p><\/div><div class=\"vce-button--style-basic-container vce-button--style-basic-container--align-center\"><span class=\"vce-button--style-basic-wrapper vce vce-button--style-basic-wrapper--stretched\" id=\"el-eb8f8f42\" data-vce-do-apply=\"margin el-eb8f8f42\"><a class=\"vce-button vce-button--style-basic vce-button--style-basic--border-rounded vce-button--style-basic--size-large vce-button--style-basic--color-b-255-192-0--fff\" href=\"http:\/\/ambervale.net\/index.php\/ambervale\/univers\/\" title=\"\" data-vce-do-apply=\"padding border background  el-eb8f8f42\">Explorer l'univers<\/a><\/span><\/div><\/div><\/div><\/div><\/div><\/section><\/div><\/div><\/div><div class=\"vce-col vce-col--md-auto vce-col--xs-1 vce-col--xs-last vce-col--xs-first vce-col--sm-last vce-col--sm-first vce-col--md-last vce-col--lg-last vce-col--xl-last\" id=\"el-08be5fc8\"><div class=\"vce-col-inner\" data-vce-do-apply=\"border margin background  el-08be5fc8\"><div class=\"vce-col-content\" data-vce-element-content=\"true\" data-vce-do-apply=\"padding el-08be5fc8\"><section class=\"vce-hero-section-container vce-hero-section-media--xs vce-hero-section-media--sm\"><div class=\"vce vce-hero-section\" id=\"el-3ceee452\" data-vce-do-apply=\"margin background border  el-3ceee452\"><div class=\"vce-hero-section--wrap-row\"><div class=\"vce-hero-section--wrap\"><div class=\"vce-hero-section--content\" data-vce-do-apply=\"padding el-3ceee452\"><div class=\"vce-hero-section--content-container\"><h1 style=\"color: #fff; text-shadow: -1px 0 black, 0 1px black, 1px 0 black, 0 -1px black;\">LA GALERIE<\/h1>\n<p>&nbsp;<\/p>\n<p style=\"color: #ffffff; text-align: justify; backdrop-filter: blur(6px); padding: 10px; border-radius: 5px; text-shadow: -1px 0 black, 0 1px black, 1px 0 black, 0 -1px black;\">Ambervale, c'est un univers rempli de paysages, de donjons, d'instances cr\u00e9\u00e9s par le staff et aussi par la communaut\u00e9. Vous pouvez en consulter quelques images prises lors d'\u00e9v\u00e8nements ici !<\/p><\/div><div class=\"vce-button--style-basic-container vce-button--style-basic-container--align-center\"><span class=\"vce-button--style-basic-wrapper vce vce-button--style-basic-wrapper--stretched\" id=\"el-1a7a9403\" data-vce-do-apply=\"margin el-1a7a9403\"><a class=\"vce-button vce-button--style-basic vce-button--style-basic--border-rounded vce-button--style-basic--size-large vce-button--style-basic--color-b-255-192-0--fff\" href=\"https:\/\/ambervale.net\/index.php\/la-galerie\/\" title=\"\" data-vce-do-apply=\"padding border background  el-1a7a9403\">Explorer la galerie<\/a><\/span><\/div><\/div><\/div><\/div><\/div><\/section><\/div><\/div><\/div><\/div><\/div><\/div><div class=\"vce-row-container\" data-vce-boxed-width=\"true\"><div class=\"vce-row vce-row--col-gap-30 vce-row-equal-height vce-row-content--top\" id=\"el-3a246e61\" data-vce-do-apply=\"all el-3a246e61\"><div class=\"vce-row-content\" data-vce-element-content=\"true\"><div class=\"vce-col vce-col--md-auto vce-col--xs-1 vce-col--xs-last vce-col--xs-first vce-col--sm-last vce-col--sm-first vce-col--md-last vce-col--lg-last vce-col--xl-last vce-col--md-first vce-col--lg-first vce-col--xl-first\" id=\"el-6f98ed0b\"><div class=\"vce-col-inner\" data-vce-do-apply=\"border margin background  el-6f98ed0b\"><div class=\"vce-col-content\" data-vce-element-content=\"true\" data-vce-do-apply=\"padding el-6f98ed0b\"><div class=\"vce-yt-video-player vce-yt-video-player--align-center vce-yt-video-player--size-1280x720\"><div class=\"vce vce-yt-video-player-wrapper\" id=\"el-1d6a9f05\" data-vce-do-apply=\"all el-1d6a9f05\" style=\"width: 1280px;\"><div class=\"vce-yt-video-player-inner\"><iframe loading=\"lazy\" class=\"vce-yt-video-player-iframe\" src=\"https:\/\/www.youtube.com\/embed\/EscWERx6FeY?autoplay=0&amp;mute=0&amp;color=red&amp;controls=1&amp;loop=0&amp;rel=0&amp;start=0&amp;cc_load_policy=0&amp;iv_load_policy=3&amp;enablejsapi=1\" width=\"640\" height=\"390\" allowfullscreen=\"\" title=\"YouTube video\"><\/iframe><\/div><\/div><\/div><\/div><\/div><\/div><\/div><\/div><\/div>","protected":false},"excerpt":{"rendered":"<p>Nous RejoindreAMBERVALE est un serveur Full-RP utilisant Minecraft 1.18.2 comme plateau de jeu.Cr\u00e9ez votre personnage et \u00e9crivez votre histoire dans unnouveau monde rempli de myst\u00e8res et de dangers o\u00f9 vosactions influenceront le cours de l&rsquo;histoire. UN MONDE CHARG\u00c9 D&rsquo;HISTOIRE Peupl\u00e9 de civilisations \u00e0 l&rsquo;histoire riche et de ruines au pass\u00e9 myst\u00e9rieux, le continent d&rsquo;Elianor n&rsquo;attend [&hellip;]<\/p>\n","protected":false},"author":2,"featured_media":0,"parent":0,"menu_order":0,"comment_status":"closed","ping_status":"closed","template":"","meta":{"footnotes":""},"blocksy_meta":[],"yoast_head":"<!-- This site is optimized with the Yoast SEO plugin v22.1 - https:\/\/yoast.com\/wordpress\/plugins\/seo\/ -->\n<title>Ambervale - Serveur minecraft Roleplay<\/title>\n<meta name=\"description\" content=\"AMBERVALE est un serveur RP Minecraft. Incarnez-y votre personnage,venez combattre la Corruption et d\u00e9livrez le Monde d&#039;Eli\u00e4nor du mal qui le ronge...\" \/>\n<meta name=\"robots\" content=\"index, follow, max-snippet:-1, max-image-preview:large, max-video-preview:-1\" \/>\n<link rel=\"canonical\" href=\"https:\/\/ambervale.net\/\" \/>\n<meta property=\"og:locale\" content=\"fr_FR\" \/>\n<meta property=\"og:type\" content=\"article\" \/>\n<meta property=\"og:title\" content=\"Ambervale - Serveur minecraft Roleplay\" \/>\n<meta property=\"og:description\" content=\"AMBERVALE est un serveur RP Minecraft. Incarnez-y votre personnage,venez combattre la Corruption et d\u00e9livrez le Monde d&#039;Eli\u00e4nor du mal qui le ronge...\" \/>\n<meta property=\"og:url\" content=\"https:\/\/ambervale.net\/\" \/>\n<meta property=\"og:site_name\" content=\"Ambervale\" \/>\n<meta property=\"article:modified_time\" content=\"2025-06-24T19:11:25+00:00\" \/>\n<meta name=\"twitter:card\" content=\"summary_large_image\" \/>\n<meta name=\"twitter:label1\" content=\"Dur\u00e9e de lecture estim\u00e9e\" \/>\n\t<meta name=\"twitter:data1\" content=\"2 minutes\" \/>\n<script type=\"application\/ld+json\" class=\"yoast-schema-graph\">{\"@context\":\"https:\/\/schema.org\",\"@graph\":[{\"@type\":\"WebPage\",\"@id\":\"https:\/\/ambervale.net\/\",\"url\":\"https:\/\/ambervale.net\/\",\"name\":\"Ambervale - Serveur minecraft Roleplay\",\"isPartOf\":{\"@id\":\"https:\/\/ambervale.net\/#website\"},\"datePublished\":\"2019-02-04T09:36:25+00:00\",\"dateModified\":\"2025-06-24T19:11:25+00:00\",\"description\":\"AMBERVALE est un serveur RP Minecraft. Incarnez-y votre personnage,venez combattre la Corruption et d\u00e9livrez le Monde d'Eli\u00e4nor du mal qui le ronge...\",\"breadcrumb\":{\"@id\":\"https:\/\/ambervale.net\/#breadcrumb\"},\"inLanguage\":\"fr-FR\",\"potentialAction\":[{\"@type\":\"ReadAction\",\"target\":[\"https:\/\/ambervale.net\/\"]}]},{\"@type\":\"BreadcrumbList\",\"@id\":\"https:\/\/ambervale.net\/#breadcrumb\",\"itemListElement\":[{\"@type\":\"ListItem\",\"position\":1,\"name\":\"Accueil\",\"item\":\"https:\/\/ambervale.net\/\"},{\"@type\":\"ListItem\",\"position\":2,\"name\":\"Accueil\"}]},{\"@type\":\"WebSite\",\"@id\":\"https:\/\/ambervale.net\/#website\",\"url\":\"https:\/\/ambervale.net\/\",\"name\":\"Ambervale\",\"description\":\"Serveur Full-Role-Play\",\"publisher\":{\"@id\":\"https:\/\/ambervale.net\/#organization\"},\"potentialAction\":[{\"@type\":\"SearchAction\",\"target\":{\"@type\":\"EntryPoint\",\"urlTemplate\":\"https:\/\/ambervale.net\/?s={search_term_string}\"},\"query-input\":\"required name=search_term_string\"}],\"inLanguage\":\"fr-FR\"},{\"@type\":\"Organization\",\"@id\":\"https:\/\/ambervale.net\/#organization\",\"name\":\"Ambervale\",\"url\":\"https:\/\/ambervale.net\/\",\"logo\":{\"@type\":\"ImageObject\",\"inLanguage\":\"fr-FR\",\"@id\":\"https:\/\/ambervale.net\/#\/schema\/logo\/image\/\",\"url\":\"https:\/\/ambervale.net\/wp-content\/uploads\/2024\/02\/Logo-grand.png\",\"contentUrl\":\"https:\/\/ambervale.net\/wp-content\/uploads\/2024\/02\/Logo-grand.png\",\"width\":2223,\"height\":960,\"caption\":\"Ambervale\"},\"image\":{\"@id\":\"https:\/\/ambervale.net\/#\/schema\/logo\/image\/\"}}]}<\/script>\n<!-- \/ Yoast SEO plugin. -->","yoast_head_json":{"title":"Ambervale - Serveur minecraft Roleplay","description":"AMBERVALE est un serveur RP Minecraft. Incarnez-y votre personnage,venez combattre la Corruption et d\u00e9livrez le Monde d'Eli\u00e4nor du mal qui le ronge...","robots":{"index":"index","follow":"follow","max-snippet":"max-snippet:-1","max-image-preview":"max-image-preview:large","max-video-preview":"max-video-preview:-1"},"canonical":"https:\/\/ambervale.net\/","og_locale":"fr_FR","og_type":"article","og_title":"Ambervale - Serveur minecraft Roleplay","og_description":"AMBERVALE est un serveur RP Minecraft. Incarnez-y votre personnage,venez combattre la Corruption et d\u00e9livrez le Monde d'Eli\u00e4nor du mal qui le ronge...","og_url":"https:\/\/ambervale.net\/","og_site_name":"Ambervale","article_modified_time":"2025-06-24T19:11:25+00:00","twitter_card":"summary_large_image","twitter_misc":{"Dur\u00e9e de lecture estim\u00e9e":"2 minutes"},"schema":{"@context":"https:\/\/schema.org","@graph":[{"@type":"WebPage","@id":"https:\/\/ambervale.net\/","url":"https:\/\/ambervale.net\/","name":"Ambervale - Serveur minecraft Roleplay","isPartOf":{"@id":"https:\/\/ambervale.net\/#website"},"datePublished":"2019-02-04T09:36:25+00:00","dateModified":"2025-06-24T19:11:25+00:00","description":"AMBERVALE est un serveur RP Minecraft. Incarnez-y votre personnage,venez combattre la Corruption et d\u00e9livrez le Monde d'Eli\u00e4nor du mal qui le ronge...","breadcrumb":{"@id":"https:\/\/ambervale.net\/#breadcrumb"},"inLanguage":"fr-FR","potentialAction":[{"@type":"ReadAction","target":["https:\/\/ambervale.net\/"]}]},{"@type":"BreadcrumbList","@id":"https:\/\/ambervale.net\/#breadcrumb","itemListElement":[{"@type":"ListItem","position":1,"name":"Accueil","item":"https:\/\/ambervale.net\/"},{"@type":"ListItem","position":2,"name":"Accueil"}]},{"@type":"WebSite","@id":"https:\/\/ambervale.net\/#website","url":"https:\/\/ambervale.net\/","name":"Ambervale","description":"Serveur Full-Role-Play","publisher":{"@id":"https:\/\/ambervale.net\/#organization"},"potentialAction":[{"@type":"SearchAction","target":{"@type":"EntryPoint","urlTemplate":"https:\/\/ambervale.net\/?s={search_term_string}"},"query-input":"required name=search_term_string"}],"inLanguage":"fr-FR"},{"@type":"Organization","@id":"https:\/\/ambervale.net\/#organization","name":"Ambervale","url":"https:\/\/ambervale.net\/","logo":{"@type":"ImageObject","inLanguage":"fr-FR","@id":"https:\/\/ambervale.net\/#\/schema\/logo\/image\/","url":"https:\/\/ambervale.net\/wp-content\/uploads\/2024\/02\/Logo-grand.png","contentUrl":"https:\/\/ambervale.net\/wp-content\/uploads\/2024\/02\/Logo-grand.png","width":2223,"height":960,"caption":"Ambervale"},"image":{"@id":"https:\/\/ambervale.net\/#\/schema\/logo\/image\/"}}]}},"_links":{"self":[{"href":"https:\/\/ambervale.net\/index.php\/wp-json\/wp\/v2\/pages\/18"}],"collection":[{"href":"https:\/\/ambervale.net\/index.php\/wp-json\/wp\/v2\/pages"}],"about":[{"href":"https:\/\/ambervale.net\/index.php\/wp-json\/wp\/v2\/types\/page"}],"author":[{"embeddable":true,"href":"https:\/\/ambervale.net\/index.php\/wp-json\/wp\/v2\/users\/2"}],"replies":[{"embeddable":true,"href":"https:\/\/ambervale.net\/index.php\/wp-json\/wp\/v2\/comments?post=18"}],"version-history":[{"count":12,"href":"https:\/\/ambervale.net\/index.php\/wp-json\/wp\/v2\/pages\/18\/revisions"}],"predecessor-version":[{"id":4227,"href":"https:\/\/ambervale.net\/index.php\/wp-json\/wp\/v2\/pages\/18\/revisions\/4227"}],"wp:attachment":[{"href":"https:\/\/ambervale.net\/index.php\/wp-json\/wp\/v2\/media?parent=18"}],"curies":[{"name":"wp","href":"https:\/\/api.w.org\/{rel}","templated":true}]}}