{"id":22,"date":"2019-02-04T10:36:42","date_gmt":"2019-02-04T09:36:42","guid":{"rendered":"http:\/\/ambervale.net\/?page_id=22"},"modified":"2024-02-19T20:34:41","modified_gmt":"2024-02-19T19:34:41","slug":"rejoindre","status":"publish","type":"page","link":"https:\/\/ambervale.net\/index.php\/rejoindre\/","title":{"rendered":"Nous rejoindre"},"content":{"rendered":"<div class=\"vce-row-container\"><div class=\"vce-row vce-row--col-gap-30 vce-row-content--top\" data-vce-full-width=\"true\" data-vce-stretch-content=\"true\" id=\"el-3f131f21\" data-vce-do-apply=\"all el-3f131f21\"><div class=\"vce-row-content\" data-vce-element-content=\"true\"><div class=\"vce-col vce-col--md-100p vce-col--xs-1 vce-col--xs-last vce-col--xs-first vce-col--sm-last vce-col--sm-first vce-col--md-last vce-col--lg-last vce-col--xl-last vce-col--md-first vce-col--lg-first vce-col--xl-first\" id=\"el-dc4d81bd\"><div class=\"vce-col-inner\" data-vce-do-apply=\"border margin background  el-dc4d81bd\"><div class=\"vce-col-content\" data-vce-element-content=\"true\" data-vce-do-apply=\"padding el-dc4d81bd\"><div class=\"vce-text-block\"><div class=\"vce-text-block-wrapper vce\" id=\"el-e267895d\" data-vce-do-apply=\"all el-e267895d\"><p style=\"text-align: center;\">Tu te sens pr\u00eat \u00e0 nous rejoindre ? Dans ce cas, tu n'as qu'\u00e0 suivre les instructions qui te m\u00e8neront \u00e0 ta grande \u00e9pop\u00e9e !<\/p><\/div><\/div><div class=\"vce vce-separator-with-title-container vce-separator-with-title--align-center\" id=\"el-e3e43a28\" data-vce-do-apply=\"margin el-e3e43a28\"><div class=\"vce-separator-with-title vce-separator-with-title--color-bfc0c1 vce-separator-with-title--width-60\" data-vce-do-apply=\"border padding background  el-e3e43a28\"><div class=\"vce-separator-with-title--line vce-separator-with-title--line--style-solid vce-separator-with-title-line--thickness-1 vce-separator-with-title--line-left\"><\/div><h3 class=\"vce-separator-with-title--title vce-separator-with-title--title--color-b-253-208-81\">S'informer sur Ambervale<\/h3><div class=\"vce-separator-with-title--line vce-separator-with-title--line--style-solid vce-separator-with-title-line--thickness-1 vce-separator-with-title--line-right\"><\/div><\/div><\/div><div class=\"vce-text-block\"><div class=\"vce-text-block-wrapper vce\" id=\"el-71ea445d\" data-vce-do-apply=\"all el-71ea445d\"><p style=\"text-align: center;\">Pour commencer, nous t'invitons \u00e0 d\u00e9couvrir le serveur via la page<span style=\"color: #fdd051;\">&nbsp;<a style=\"color: #fdd051;\" href=\"http:\/\/ambervale.net\/index.php\/ambervale\/univers\/\">Univers<\/a><\/span>&nbsp;qui te donnera un premier aper\u00e7u de ce que repr\u00e9sente Ambervale.<\/p><p style=\"text-align: center;\">Ensuite, tu trouveras tout une multitude d'informations sur le background du serveur, sur les races, la religion, etc... sur le&nbsp;<span style=\"color: #fdd051;\"><a style=\"color: #fdd051;\" href=\"http:\/\/ambervale.net\/index.php\/wiki-2\/\">Wiki<\/a><\/span>.<\/p><\/div><\/div><\/div><\/div><\/div><\/div><\/div><\/div><div class=\"vce-row-container\"><div class=\"vce-row vce-row--col-gap-30 vce-row-content--top\" data-vce-full-width=\"true\" data-vce-stretch-content=\"true\" id=\"el-b161570a\" data-vce-do-apply=\"all el-b161570a\"><div class=\"vce-row-content\" data-vce-element-content=\"true\"><div class=\"vce-col vce-col--md-auto vce-col--xs-1 vce-col--xs-last vce-col--xs-first vce-col--sm-last vce-col--sm-first vce-col--md-last vce-col--lg-last vce-col--xl-last vce-col--md-first vce-col--lg-first vce-col--xl-first\" id=\"el-00cc0283\"><div class=\"vce-col-inner\" data-vce-do-apply=\"border margin background  el-00cc0283\"><div class=\"vce-col-content\" data-vce-element-content=\"true\" data-vce-do-apply=\"padding el-00cc0283\"><section class=\"vce-feature-section-container vce-feature-section-media--xs\"><div class=\"vce vce-feature-section vce-feature-section--min-height vce-feature-section-background-color--b-255-190-61\" id=\"el-bab05ba7\" data-vce-do-apply=\"margin background border  el-bab05ba7\"><div class=\"vce-feature-section-image vce-feature-section-image--alignment-left vce-feature-section-image--background-position-center-center\" style=\"background-image: url('https:\/\/ambervale.net\/wp-content\/uploads\/2023\/10\/4515184-pointed-ears-fantasy-art-tavern-candles.jpg');\"><\/div><div class=\"vce-feature-section-content\"><div class=\"vce-feature-section-content-container\" data-vce-do-apply=\"padding el-bab05ba7\"><div class=\"vce-feature-section-description\"><h1><span style=\"color: #333300;\">D\u00e9couvrir la communaut\u00e9<\/span><\/h1><p style=\"text-align: left;\"><span style=\"color: #333300;\">Nous t'invitions \u00e0 nous rejoindre sur <strong><a style=\"color: #333300;\" href=\"https:\/\/discord.gg\/dBEyapC9er\">Discord<\/a><\/strong> afin que nous fassions ta connaissance et que nous r\u00e9pondions \u00e0 tes questions concernant la candidature ou encore le lore du serveur! Promis, on ne mord pas !<\/span><\/p><\/div><\/div><\/div><\/div><\/section><section class=\"vce-feature-section-container vce-feature-section-media--xs\"><div class=\"vce vce-feature-section vce-feature-section--min-height vce-feature-section-background-color--b-76-76-76\" id=\"el-8dc53969\" data-vce-do-apply=\"margin background border  el-8dc53969\"><div class=\"vce-feature-section-image vce-feature-section-image--alignment-right vce-feature-section-image--background-position-center-center\" style=\"background-image: url('https:\/\/ambervale.net\/wp-content\/uploads\/2023\/10\/76ca91c91701a84adcecf691b18f389a.jpg');\"><\/div><div class=\"vce-feature-section-content\"><div class=\"vce-feature-section-content-container\" data-vce-do-apply=\"padding el-8dc53969\"><div class=\"vce-feature-section-description\"><h1><span style=\"color: #ffffff;\">S'inscrire<\/span><\/h1><p><span style=\"color: #ffffff;\">Afin de rejoindre le serveur, la prochaine \u00e9tape sera de t'inscrire sur le site, ce qui te donnera acc\u00e8s \u00e0 ton profil qui te permettra de candidater et au <a style=\"color: #ffffff;\" href=\"http:\/\/ambervale.net\/index.php\/forum-2\/\">forum<\/a>.<\/span><\/p><\/div><\/div><\/div><\/div><\/section><section class=\"vce-feature-section-container vce-feature-section-media--xs\"><div class=\"vce vce-feature-section vce-feature-section--min-height vce-feature-section-background-color--b-255-190-61\" id=\"el-aa007e5d\" data-vce-do-apply=\"margin background border  el-aa007e5d\"><div class=\"vce-feature-section-image vce-feature-section-image--alignment-left vce-feature-section-image--background-position-center-center\" style=\"background-image: url('https:\/\/ambervale.net\/wp-content\/uploads\/2023\/10\/13895522_10154340687248290_5355726437356074020_n.png');\"><\/div><div class=\"vce-feature-section-content\"><div class=\"vce-feature-section-content-container\" data-vce-do-apply=\"padding el-aa007e5d\"><div class=\"vce-feature-section-description\"><h1><span style=\"color: #333333;\">Candidater<\/span><\/h1>\n<p style=\"text-align: left;\"><span style=\"color: #333333;\">Maintenant que tu as fais la connaissance de la communaut\u00e9, tu vas pouvoir candidater! Pour cela, tu trouveras toutes les informations n\u00e9cessaires dans la section <a href=\"https:\/\/ambervale.net\/index.php\/forum-2\/forum\/1\/\">candidature<\/a> du forum.<\/span><\/p><\/div><\/div><\/div><\/div><\/section><section class=\"vce-feature-section-container vce-feature-section-media--xs\"><div class=\"vce vce-feature-section vce-feature-section--min-height vce-feature-section-background-color--b-76-76-76\" id=\"el-20011a38\" data-vce-do-apply=\"margin background border  el-20011a38\"><div class=\"vce-feature-section-image vce-feature-section-image--alignment-right vce-feature-section-image--background-position-center-center\" style=\"background-image: url('https:\/\/ambervale.net\/wp-content\/uploads\/2019\/02\/14.jpg');\"><\/div><div class=\"vce-feature-section-content\"><div class=\"vce-feature-section-content-container\" data-vce-do-apply=\"padding el-20011a38\"><div class=\"vce-feature-section-description\"><h1 style=\"text-align: justify;\">Guide technique<\/h1>\n<p style=\"text-align: justify;\">Ambervale utilise des mods clients, ainsi qu'un pack de textures personnalis\u00e9 afin d'ajouter du contenu. Vous trouverez ici un guide complet d'installation afin de rejoindre le serveur.<\/p><\/div><div class=\"vce-button--style-outline-container vce-button--style-outline-container--align-center\"><span class=\"vce-button--style-outline-wrapper vce\" id=\"el-2f9b2453\" data-vce-do-apply=\"margin el-2f9b2453\"><a class=\"vce-button vce-button--style-outline-animated vce-button--style-outline--border-square vce-button--style-outline--size-medium vce-button--style-outline-animated--color-b-255-255-255--fff--3d3d3d vce-button--style-outline-animated--border-color-e3e3e3--3d3d3d vce-button--style-outline-animated--background-color-3d3d3d\" href=\"https:\/\/ambervale.net\/index.php\/2024\/01\/22\/guide-technique\/\" title=\"\" data-vce-do-apply=\"padding border background  el-2f9b2453\"><span class=\"vce-button--style-outline-text\">En savoir plus<\/span><\/a><\/span><\/div><\/div><\/div><\/div><\/section><\/div><\/div><\/div><\/div><\/div><\/div><div class=\"vce-row-container\"><div class=\"vce-row vce-row--col-gap-30 vce-row-content--top\" data-vce-full-width=\"true\" data-vce-stretch-content=\"true\" id=\"el-7ecc57ec\" data-vce-do-apply=\"all el-7ecc57ec\"><div class=\"vce-row-content\" data-vce-element-content=\"true\"><div class=\"vce-col vce-col--md-auto vce-col--xs-1 vce-col--xs-last vce-col--xs-first vce-col--sm-last vce-col--sm-first vce-col--md-last vce-col--lg-last vce-col--xl-last vce-col--md-first vce-col--lg-first vce-col--xl-first\" id=\"el-dc780888\"><div class=\"vce-col-inner\" data-vce-do-apply=\"border margin background  el-dc780888\"><div class=\"vce-col-content\" data-vce-element-content=\"true\" data-vce-do-apply=\"padding el-dc780888\"><div class=\"vce-text-block\"><div class=\"vce-text-block-wrapper vce\" id=\"el-a0e8371a\" data-vce-do-apply=\"all el-a0e8371a\"><p style=\"text-align: center;\">\u00c7a y est, tu y es presque, tu es maintenant accept\u00e9 sur le serveur ! D\u00e9sormais, il ne te reste plus que quelques \u00e9tapes techniques \u00e0 r\u00e9soudre :<\/p><p style=\"text-align: center;\">1 - Si ce n'est pas fait, te procurer une version officielle de <span style=\"color: #fdd051;\"><a style=\"color: #fdd051;\" href=\"https:\/\/minecraft.net\/fr-ca\/store\/minecraft\/?ref=h#register\">Minecraft<\/a>.<\/span><br>2 - Installer <span style=\"text-decoration: underline;\"><a href=\"https:\/\/javadl.oracle.com\/webapps\/download\/AutoDL?BundleId=235727_2787e4a523244c269598db4e85c51e0c\"><span style=\"color: #fdd051; text-decoration: underline;\">Java 64<\/span> <span style=\"color: #fdd051; text-decoration: underline;\">Bits<\/span><\/a><\/span> qui te permettra de faire tourner ton jeu avec plus de 2GO de Ram, ce qui est vivement conseill\u00e9 si tu en as la possibilit\u00e9 !<br>3 - Une fois Whitelist\u00e9 par notre \u00e9quipe, il ne te restera plus qu'\u00e0 te connecter via l'IP du serveur :&nbsp;<b>178.33.44.101<\/b>:<b>20010<\/b><span style=\"word-spacing: normal;\"> pour ton Introduction !&nbsp;<\/span><\/p><p style=\"text-align: center;\"><strong>L'introduction<\/strong> est <strong>r\u00e9alis\u00e9e<\/strong> par un Membre du Staff ! Celle-ci permet d'encadrer la venue des nouveaux arrivants afin qu'ils ne soient pas trop perdus d\u00e8s leur arriv\u00e9e en jeu ! Il est rare qu'une introduction se fasse en solitaire, c'est d'ailleurs l'occasion pour toi de rencontrer les autres membres qui se lancent comme toi ou les anciens qui introduisent un nouveau personnage ! Si \u00e7a se trouve, tu trouveras le futur meilleur copain de ton personnage dans le lot, n'h\u00e9site donc pas \u00e0 saluer tout le monde et \u00e0 faire connaissance avec les autres ~&nbsp;<\/p><p style=\"text-align: center;\"><strong>Sur ce, je pense que nous en avons termin\u00e9... Bon jeu \u00e0 toi et bonne chance pour sauver Eli\u00e4nor !<\/strong><\/p><\/div><\/div><\/div><\/div><\/div><\/div><\/div><\/div><div class=\"vce-row-container\" data-vce-boxed-width=\"true\"><div class=\"vce-row vce-row--col-gap-30 vce-row-equal-height vce-row-content--top\" id=\"el-8566c332\" data-vce-do-apply=\"all el-8566c332\"><div class=\"vce-row-content\" data-vce-element-content=\"true\"><div class=\"vce-col vce-col--md-auto vce-col--xs-1 vce-col--xs-last vce-col--xs-first vce-col--sm-last vce-col--sm-first vce-col--md-last vce-col--lg-last vce-col--xl-last vce-col--md-first vce-col--lg-first vce-col--xl-first\" id=\"el-9e86aba4\"><div class=\"vce-col-inner\" data-vce-do-apply=\"border margin background  el-9e86aba4\"><div class=\"vce-col-content\" data-vce-element-content=\"true\" data-vce-do-apply=\"padding el-9e86aba4\"><div><\/div><\/div><\/div><\/div><\/div><\/div><\/div>","protected":false},"excerpt":{"rendered":"<p>Tu te sens pr\u00eat \u00e0 nous rejoindre ? Dans ce cas, tu n&rsquo;as qu&rsquo;\u00e0 suivre les instructions qui te m\u00e8neront \u00e0 ta grande \u00e9pop\u00e9e !S&rsquo;informer sur AmbervalePour commencer, nous t&rsquo;invitons \u00e0 d\u00e9couvrir le serveur via la page&nbsp;Univers&nbsp;qui te donnera un premier aper\u00e7u de ce que repr\u00e9sente Ambervale.Ensuite, tu trouveras tout une multitude d&rsquo;informations sur le [&hellip;]<\/p>\n","protected":false},"author":2,"featured_media":0,"parent":0,"menu_order":0,"comment_status":"closed","ping_status":"closed","template":"","meta":{"footnotes":""},"blocksy_meta":[],"yoast_head":"<!-- This site is optimized with the Yoast SEO plugin v22.1 - https:\/\/yoast.com\/wordpress\/plugins\/seo\/ -->\n<title>Nous rejoindre - Ambervale<\/title>\n<meta name=\"robots\" content=\"index, follow, max-snippet:-1, max-image-preview:large, max-video-preview:-1\" \/>\n<link rel=\"canonical\" href=\"https:\/\/ambervale.net\/index.php\/rejoindre\/\" \/>\n<meta property=\"og:locale\" content=\"fr_FR\" \/>\n<meta property=\"og:type\" content=\"article\" \/>\n<meta property=\"og:title\" content=\"Nous rejoindre - Ambervale\" \/>\n<meta property=\"og:description\" content=\"Tu te sens pr\u00eat \u00e0 nous rejoindre ? Dans ce cas, tu n&#039;as qu&#039;\u00e0 suivre les instructions qui te m\u00e8neront \u00e0 ta grande \u00e9pop\u00e9e !S&#039;informer sur AmbervalePour commencer, nous t&#039;invitons \u00e0 d\u00e9couvrir le serveur via la page&nbsp;Univers&nbsp;qui te donnera un premier aper\u00e7u de ce que repr\u00e9sente Ambervale.Ensuite, tu trouveras tout une multitude d&#039;informations sur le [&hellip;]\" \/>\n<meta property=\"og:url\" content=\"https:\/\/ambervale.net\/index.php\/rejoindre\/\" \/>\n<meta property=\"og:site_name\" content=\"Ambervale\" \/>\n<meta property=\"article:modified_time\" content=\"2024-02-19T19:34:41+00:00\" \/>\n<meta name=\"twitter:card\" content=\"summary_large_image\" \/>\n<meta name=\"twitter:label1\" content=\"Dur\u00e9e de lecture estim\u00e9e\" \/>\n\t<meta name=\"twitter:data1\" content=\"3 minutes\" \/>\n<script type=\"application\/ld+json\" class=\"yoast-schema-graph\">{\"@context\":\"https:\/\/schema.org\",\"@graph\":[{\"@type\":\"WebPage\",\"@id\":\"https:\/\/ambervale.net\/index.php\/rejoindre\/\",\"url\":\"https:\/\/ambervale.net\/index.php\/rejoindre\/\",\"name\":\"Nous rejoindre - Ambervale\",\"isPartOf\":{\"@id\":\"https:\/\/ambervale.net\/#website\"},\"datePublished\":\"2019-02-04T09:36:42+00:00\",\"dateModified\":\"2024-02-19T19:34:41+00:00\",\"breadcrumb\":{\"@id\":\"https:\/\/ambervale.net\/index.php\/rejoindre\/#breadcrumb\"},\"inLanguage\":\"fr-FR\",\"potentialAction\":[{\"@type\":\"ReadAction\",\"target\":[\"https:\/\/ambervale.net\/index.php\/rejoindre\/\"]}]},{\"@type\":\"BreadcrumbList\",\"@id\":\"https:\/\/ambervale.net\/index.php\/rejoindre\/#breadcrumb\",\"itemListElement\":[{\"@type\":\"ListItem\",\"position\":1,\"name\":\"Accueil\",\"item\":\"https:\/\/ambervale.net\/\"},{\"@type\":\"ListItem\",\"position\":2,\"name\":\"Nous rejoindre\"}]},{\"@type\":\"WebSite\",\"@id\":\"https:\/\/ambervale.net\/#website\",\"url\":\"https:\/\/ambervale.net\/\",\"name\":\"Ambervale\",\"description\":\"Serveur Full-Role-Play\",\"publisher\":{\"@id\":\"https:\/\/ambervale.net\/#organization\"},\"potentialAction\":[{\"@type\":\"SearchAction\",\"target\":{\"@type\":\"EntryPoint\",\"urlTemplate\":\"https:\/\/ambervale.net\/?s={search_term_string}\"},\"query-input\":\"required name=search_term_string\"}],\"inLanguage\":\"fr-FR\"},{\"@type\":\"Organization\",\"@id\":\"https:\/\/ambervale.net\/#organization\",\"name\":\"Ambervale\",\"url\":\"https:\/\/ambervale.net\/\",\"logo\":{\"@type\":\"ImageObject\",\"inLanguage\":\"fr-FR\",\"@id\":\"https:\/\/ambervale.net\/#\/schema\/logo\/image\/\",\"url\":\"https:\/\/ambervale.net\/wp-content\/uploads\/2024\/02\/Logo-grand.png\",\"contentUrl\":\"https:\/\/ambervale.net\/wp-content\/uploads\/2024\/02\/Logo-grand.png\",\"width\":2223,\"height\":960,\"caption\":\"Ambervale\"},\"image\":{\"@id\":\"https:\/\/ambervale.net\/#\/schema\/logo\/image\/\"},\"sameAs\":[\"https:\/\/www.instagram.com\/ambervalerp\/\",\"https:\/\/www.youtube.com\/@Ambervale-CommunauteRP\"]}]}<\/script>\n<!-- \/ Yoast SEO plugin. -->","yoast_head_json":{"title":"Nous rejoindre - Ambervale","robots":{"index":"index","follow":"follow","max-snippet":"max-snippet:-1","max-image-preview":"max-image-preview:large","max-video-preview":"max-video-preview:-1"},"canonical":"https:\/\/ambervale.net\/index.php\/rejoindre\/","og_locale":"fr_FR","og_type":"article","og_title":"Nous rejoindre - Ambervale","og_description":"Tu te sens pr\u00eat \u00e0 nous rejoindre ? Dans ce cas, tu n'as qu'\u00e0 suivre les instructions qui te m\u00e8neront \u00e0 ta grande \u00e9pop\u00e9e !S'informer sur AmbervalePour commencer, nous t'invitons \u00e0 d\u00e9couvrir le serveur via la page&nbsp;Univers&nbsp;qui te donnera un premier aper\u00e7u de ce que repr\u00e9sente Ambervale.Ensuite, tu trouveras tout une multitude d'informations sur le [&hellip;]","og_url":"https:\/\/ambervale.net\/index.php\/rejoindre\/","og_site_name":"Ambervale","article_modified_time":"2024-02-19T19:34:41+00:00","twitter_card":"summary_large_image","twitter_misc":{"Dur\u00e9e de lecture estim\u00e9e":"3 minutes"},"schema":{"@context":"https:\/\/schema.org","@graph":[{"@type":"WebPage","@id":"https:\/\/ambervale.net\/index.php\/rejoindre\/","url":"https:\/\/ambervale.net\/index.php\/rejoindre\/","name":"Nous rejoindre - Ambervale","isPartOf":{"@id":"https:\/\/ambervale.net\/#website"},"datePublished":"2019-02-04T09:36:42+00:00","dateModified":"2024-02-19T19:34:41+00:00","breadcrumb":{"@id":"https:\/\/ambervale.net\/index.php\/rejoindre\/#breadcrumb"},"inLanguage":"fr-FR","potentialAction":[{"@type":"ReadAction","target":["https:\/\/ambervale.net\/index.php\/rejoindre\/"]}]},{"@type":"BreadcrumbList","@id":"https:\/\/ambervale.net\/index.php\/rejoindre\/#breadcrumb","itemListElement":[{"@type":"ListItem","position":1,"name":"Accueil","item":"https:\/\/ambervale.net\/"},{"@type":"ListItem","position":2,"name":"Nous rejoindre"}]},{"@type":"WebSite","@id":"https:\/\/ambervale.net\/#website","url":"https:\/\/ambervale.net\/","name":"Ambervale","description":"Serveur Full-Role-Play","publisher":{"@id":"https:\/\/ambervale.net\/#organization"},"potentialAction":[{"@type":"SearchAction","target":{"@type":"EntryPoint","urlTemplate":"https:\/\/ambervale.net\/?s={search_term_string}"},"query-input":"required name=search_term_string"}],"inLanguage":"fr-FR"},{"@type":"Organization","@id":"https:\/\/ambervale.net\/#organization","name":"Ambervale","url":"https:\/\/ambervale.net\/","logo":{"@type":"ImageObject","inLanguage":"fr-FR","@id":"https:\/\/ambervale.net\/#\/schema\/logo\/image\/","url":"https:\/\/ambervale.net\/wp-content\/uploads\/2024\/02\/Logo-grand.png","contentUrl":"https:\/\/ambervale.net\/wp-content\/uploads\/2024\/02\/Logo-grand.png","width":2223,"height":960,"caption":"Ambervale"},"image":{"@id":"https:\/\/ambervale.net\/#\/schema\/logo\/image\/"},"sameAs":["https:\/\/www.instagram.com\/ambervalerp\/","https:\/\/www.youtube.com\/@Ambervale-CommunauteRP"]}]}},"_links":{"self":[{"href":"https:\/\/ambervale.net\/index.php\/wp-json\/wp\/v2\/pages\/22"}],"collection":[{"href":"https:\/\/ambervale.net\/index.php\/wp-json\/wp\/v2\/pages"}],"about":[{"href":"https:\/\/ambervale.net\/index.php\/wp-json\/wp\/v2\/types\/page"}],"author":[{"embeddable":true,"href":"https:\/\/ambervale.net\/index.php\/wp-json\/wp\/v2\/users\/2"}],"replies":[{"embeddable":true,"href":"https:\/\/ambervale.net\/index.php\/wp-json\/wp\/v2\/comments?post=22"}],"version-history":[{"count":15,"href":"https:\/\/ambervale.net\/index.php\/wp-json\/wp\/v2\/pages\/22\/revisions"}],"predecessor-version":[{"id":3815,"href":"https:\/\/ambervale.net\/index.php\/wp-json\/wp\/v2\/pages\/22\/revisions\/3815"}],"wp:attachment":[{"href":"https:\/\/ambervale.net\/index.php\/wp-json\/wp\/v2\/media?parent=22"}],"curies":[{"name":"wp","href":"https:\/\/api.w.org\/{rel}","templated":true}]}}