{"id":3175,"date":"2023-10-08T17:26:10","date_gmt":"2023-10-08T15:26:10","guid":{"rendered":"https:\/\/ambervale.net\/?page_id=3175"},"modified":"2025-08-16T20:58:19","modified_gmt":"2025-08-16T18:58:19","slug":"systemes-de-jeu","status":"publish","type":"page","link":"https:\/\/ambervale.net\/index.php\/systemes-de-jeu\/","title":{"rendered":"Syst\u00e8mes de jeu"},"content":{"rendered":"<div class=\"vce-row-container\"><div class=\"vce-row vce-row--col-gap-30 vce-row-equal-height vce-row-content--top\" data-vce-full-width=\"true\" data-vce-stretch-content=\"true\" id=\"el-7859999f\" data-vce-do-apply=\"all el-7859999f\"><div class=\"vce-row-content\" data-vce-element-content=\"true\"><div class=\"vce-col vce-col--md-auto vce-col--xs-1 vce-col--xs-last vce-col--xs-first vce-col--sm-last vce-col--sm-first vce-col--md-last vce-col--lg-last vce-col--xl-last vce-col--md-first vce-col--lg-first vce-col--xl-first\" id=\"el-e3b60075\"><div class=\"vce-col-inner\" data-vce-do-apply=\"border margin background  el-e3b60075\"><div class=\"vce-col-content\" data-vce-element-content=\"true\" data-vce-do-apply=\"padding el-e3b60075\"><div class=\"vce-text-block\"><div class=\"vce-text-block-wrapper vce\" id=\"el-9fbc699f\" data-vce-do-apply=\"all el-9fbc699f\"><h2>Syst\u00e8mes de jeu<\/h2><p>Rien \u00e0 voir ici, utilisez plut\u00f4t le menu d\u00e9roulant en haut de la page \ud83d\ude00<\/p><\/div><\/div><\/div><\/div><\/div><\/div><\/div><\/div>\n","protected":false},"excerpt":{"rendered":"<p>Syst\u00e8mes de jeuRien \u00e0 voir ici, utilisez plut\u00f4t le menu d\u00e9roulant en haut de la page \ud83d\ude00<\/p>\n","protected":false},"author":1314,"featured_media":0,"parent":0,"menu_order":0,"comment_status":"closed","ping_status":"closed","template":"","meta":{"footnotes":""},"blocksy_meta":[],"yoast_head":"<!-- This site is optimized with the Yoast SEO plugin v22.1 - https:\/\/yoast.com\/wordpress\/plugins\/seo\/ -->\n<title>Syst\u00e8mes de jeu - Ambervale<\/title>\n<meta name=\"robots\" content=\"index, follow, max-snippet:-1, max-image-preview:large, max-video-preview:-1\" \/>\n<link rel=\"canonical\" href=\"https:\/\/ambervale.net\/index.php\/systemes-de-jeu\/\" \/>\n<meta property=\"og:locale\" content=\"fr_FR\" \/>\n<meta property=\"og:type\" content=\"article\" \/>\n<meta property=\"og:title\" content=\"Syst\u00e8mes de jeu - Ambervale\" \/>\n<meta property=\"og:description\" content=\"Syst\u00e8mes de jeuRien \u00e0 voir ici, utilisez plut\u00f4t le menu d\u00e9roulant en haut de la page \ud83d\ude00\" \/>\n<meta property=\"og:url\" content=\"https:\/\/ambervale.net\/index.php\/systemes-de-jeu\/\" \/>\n<meta property=\"og:site_name\" content=\"Ambervale\" \/>\n<meta property=\"article:modified_time\" content=\"2025-08-16T18:58:19+00:00\" \/>\n<meta name=\"twitter:card\" content=\"summary_large_image\" \/>\n<script type=\"application\/ld+json\" class=\"yoast-schema-graph\">{\"@context\":\"https:\/\/schema.org\",\"@graph\":[{\"@type\":\"WebPage\",\"@id\":\"https:\/\/ambervale.net\/index.php\/systemes-de-jeu\/\",\"url\":\"https:\/\/ambervale.net\/index.php\/systemes-de-jeu\/\",\"name\":\"Syst\u00e8mes de jeu - Ambervale\",\"isPartOf\":{\"@id\":\"https:\/\/ambervale.net\/#website\"},\"datePublished\":\"2023-10-08T15:26:10+00:00\",\"dateModified\":\"2025-08-16T18:58:19+00:00\",\"breadcrumb\":{\"@id\":\"https:\/\/ambervale.net\/index.php\/systemes-de-jeu\/#breadcrumb\"},\"inLanguage\":\"fr-FR\",\"potentialAction\":[{\"@type\":\"ReadAction\",\"target\":[\"https:\/\/ambervale.net\/index.php\/systemes-de-jeu\/\"]}]},{\"@type\":\"BreadcrumbList\",\"@id\":\"https:\/\/ambervale.net\/index.php\/systemes-de-jeu\/#breadcrumb\",\"itemListElement\":[{\"@type\":\"ListItem\",\"position\":1,\"name\":\"Accueil\",\"item\":\"https:\/\/ambervale.net\/\"},{\"@type\":\"ListItem\",\"position\":2,\"name\":\"Syst\u00e8mes de jeu\"}]},{\"@type\":\"WebSite\",\"@id\":\"https:\/\/ambervale.net\/#website\",\"url\":\"https:\/\/ambervale.net\/\",\"name\":\"Ambervale\",\"description\":\"Serveur Full-Role-Play\",\"publisher\":{\"@id\":\"https:\/\/ambervale.net\/#organization\"},\"potentialAction\":[{\"@type\":\"SearchAction\",\"target\":{\"@type\":\"EntryPoint\",\"urlTemplate\":\"https:\/\/ambervale.net\/?s={search_term_string}\"},\"query-input\":\"required name=search_term_string\"}],\"inLanguage\":\"fr-FR\"},{\"@type\":\"Organization\",\"@id\":\"https:\/\/ambervale.net\/#organization\",\"name\":\"Ambervale\",\"url\":\"https:\/\/ambervale.net\/\",\"logo\":{\"@type\":\"ImageObject\",\"inLanguage\":\"fr-FR\",\"@id\":\"https:\/\/ambervale.net\/#\/schema\/logo\/image\/\",\"url\":\"https:\/\/ambervale.net\/wp-content\/uploads\/2024\/02\/Logo-grand.png\",\"contentUrl\":\"https:\/\/ambervale.net\/wp-content\/uploads\/2024\/02\/Logo-grand.png\",\"width\":2223,\"height\":960,\"caption\":\"Ambervale\"},\"image\":{\"@id\":\"https:\/\/ambervale.net\/#\/schema\/logo\/image\/\"},\"sameAs\":[\"https:\/\/www.instagram.com\/ambervalerp\/\",\"https:\/\/www.youtube.com\/@Ambervale-CommunauteRP\"]}]}<\/script>\n<!-- \/ Yoast SEO plugin. -->","yoast_head_json":{"title":"Syst\u00e8mes de jeu - Ambervale","robots":{"index":"index","follow":"follow","max-snippet":"max-snippet:-1","max-image-preview":"max-image-preview:large","max-video-preview":"max-video-preview:-1"},"canonical":"https:\/\/ambervale.net\/index.php\/systemes-de-jeu\/","og_locale":"fr_FR","og_type":"article","og_title":"Syst\u00e8mes de jeu - Ambervale","og_description":"Syst\u00e8mes de jeuRien \u00e0 voir ici, utilisez plut\u00f4t le menu d\u00e9roulant en haut de la page \ud83d\ude00","og_url":"https:\/\/ambervale.net\/index.php\/systemes-de-jeu\/","og_site_name":"Ambervale","article_modified_time":"2025-08-16T18:58:19+00:00","twitter_card":"summary_large_image","schema":{"@context":"https:\/\/schema.org","@graph":[{"@type":"WebPage","@id":"https:\/\/ambervale.net\/index.php\/systemes-de-jeu\/","url":"https:\/\/ambervale.net\/index.php\/systemes-de-jeu\/","name":"Syst\u00e8mes de jeu - Ambervale","isPartOf":{"@id":"https:\/\/ambervale.net\/#website"},"datePublished":"2023-10-08T15:26:10+00:00","dateModified":"2025-08-16T18:58:19+00:00","breadcrumb":{"@id":"https:\/\/ambervale.net\/index.php\/systemes-de-jeu\/#breadcrumb"},"inLanguage":"fr-FR","potentialAction":[{"@type":"ReadAction","target":["https:\/\/ambervale.net\/index.php\/systemes-de-jeu\/"]}]},{"@type":"BreadcrumbList","@id":"https:\/\/ambervale.net\/index.php\/systemes-de-jeu\/#breadcrumb","itemListElement":[{"@type":"ListItem","position":1,"name":"Accueil","item":"https:\/\/ambervale.net\/"},{"@type":"ListItem","position":2,"name":"Syst\u00e8mes de jeu"}]},{"@type":"WebSite","@id":"https:\/\/ambervale.net\/#website","url":"https:\/\/ambervale.net\/","name":"Ambervale","description":"Serveur Full-Role-Play","publisher":{"@id":"https:\/\/ambervale.net\/#organization"},"potentialAction":[{"@type":"SearchAction","target":{"@type":"EntryPoint","urlTemplate":"https:\/\/ambervale.net\/?s={search_term_string}"},"query-input":"required name=search_term_string"}],"inLanguage":"fr-FR"},{"@type":"Organization","@id":"https:\/\/ambervale.net\/#organization","name":"Ambervale","url":"https:\/\/ambervale.net\/","logo":{"@type":"ImageObject","inLanguage":"fr-FR","@id":"https:\/\/ambervale.net\/#\/schema\/logo\/image\/","url":"https:\/\/ambervale.net\/wp-content\/uploads\/2024\/02\/Logo-grand.png","contentUrl":"https:\/\/ambervale.net\/wp-content\/uploads\/2024\/02\/Logo-grand.png","width":2223,"height":960,"caption":"Ambervale"},"image":{"@id":"https:\/\/ambervale.net\/#\/schema\/logo\/image\/"},"sameAs":["https:\/\/www.instagram.com\/ambervalerp\/","https:\/\/www.youtube.com\/@Ambervale-CommunauteRP"]}]}},"_links":{"self":[{"href":"https:\/\/ambervale.net\/index.php\/wp-json\/wp\/v2\/pages\/3175"}],"collection":[{"href":"https:\/\/ambervale.net\/index.php\/wp-json\/wp\/v2\/pages"}],"about":[{"href":"https:\/\/ambervale.net\/index.php\/wp-json\/wp\/v2\/types\/page"}],"author":[{"embeddable":true,"href":"https:\/\/ambervale.net\/index.php\/wp-json\/wp\/v2\/users\/1314"}],"replies":[{"embeddable":true,"href":"https:\/\/ambervale.net\/index.php\/wp-json\/wp\/v2\/comments?post=3175"}],"version-history":[{"count":3,"href":"https:\/\/ambervale.net\/index.php\/wp-json\/wp\/v2\/pages\/3175\/revisions"}],"predecessor-version":[{"id":4287,"href":"https:\/\/ambervale.net\/index.php\/wp-json\/wp\/v2\/pages\/3175\/revisions\/4287"}],"wp:attachment":[{"href":"https:\/\/ambervale.net\/index.php\/wp-json\/wp\/v2\/media?parent=3175"}],"curies":[{"name":"wp","href":"https:\/\/api.w.org\/{rel}","templated":true}]}}