{"id":38,"date":"2019-02-04T11:21:25","date_gmt":"2019-02-04T10:21:25","guid":{"rendered":"http:\/\/ambervale.net\/?page_id=38"},"modified":"2025-06-22T00:31:43","modified_gmt":"2025-06-21T22:31:43","slug":"univers","status":"publish","type":"page","link":"https:\/\/ambervale.net\/index.php\/cartes\/univers\/","title":{"rendered":"Univers"},"content":{"rendered":"<div class=\"vce-row-container\"><div class=\"vce-row vce-row--col-gap-30 vce-row-content--top\" data-vce-full-width=\"true\" data-vce-stretch-content=\"true\" id=\"el-79b350bb\" data-vce-do-apply=\"all el-79b350bb\"><div class=\"vce-content-background-container\"><\/div><div class=\"vce-row-content\" data-vce-element-content=\"true\"><div class=\"vce-col vce-col--md-auto vce-col--xs-1 vce-col--xs-last vce-col--xs-first vce-col--sm-last vce-col--sm-first vce-col--md-last vce-col--lg-last vce-col--xl-last vce-col--md-first vce-col--lg-first vce-col--xl-first\" id=\"el-eceeb87d\"><div class=\"vce-col-inner\" data-vce-do-apply=\"border margin background  el-eceeb87d\"><div class=\"vce-col-content\" data-vce-element-content=\"true\" data-vce-do-apply=\"padding el-eceeb87d\"><section class=\"vce-feature-section-container vce-feature-section-media--xs\"><div class=\"vce vce-feature-section vce-feature-section--min-height\" id=\"el-94cdcaf5\" data-vce-do-apply=\"margin border animation backgroundColor el-94cdcaf5\"><div class=\"vce-feature-section-image vce-feature-section-image--alignment-left\" data-vce-background-image-all=\"https:\/\/ambervale.net\/wp-content\/uploads\/2024\/01\/DALL\u00b7E-2024-01-30-23.17.20-Vue-aerienne-dun-continent-vaste-et-diversifie-dans-un-monde-de-fantasy-heroique-inspire-par-lidee-dune-supercontinent-comme-la-pangee.-Ce-contine.png\" data-vce-background-image=\"all\" data-vce-lozad=\"true\" data-vce-do-apply=\"backgroundImage el-94cdcaf5\"><\/div><div class=\"vce-feature-section-content\"><div class=\"vce-feature-section-content-container\" data-vce-do-apply=\"padding el-94cdcaf5\"><div class=\"vce-feature-section-description\"><h1>CARTES ET M\u00c9MOIRES DU MONDE<\/h1>\n<p style=\"text-align: justify;\">Ambervale est un univers riche de divers mondes, explor\u00e9s au fil des \u00e2ges et des aventures par nos membres. Retrouvez ici les anciennes cartes ainsi que l'actuelle encore inexplor\u00e9e ! Retrouvez \u00e9galement l'histoire de toutes les civilisations cr\u00e9\u00e9es au cours des mill\u00e9naires.<\/p>\n<p>&nbsp;<\/p><\/div><div class=\"vce-button--style-outline-container vce-button--style-outline-container--align-left\"><span class=\"vce-button--style-outline-wrapper vce\" id=\"el-d95e6396\" data-vce-do-apply=\"margin el-d95e6396\"><a class=\"vce-button vce-button--style-outline-animated vce-button--style-outline--border-rounded vce-button--style-outline--size-large vce-button--style-outline-animated--color-e3e3e3--fff--3d3d3d vce-button--style-outline-animated--border-color-e3e3e3--3d3d3d vce-button--style-outline-animated--background-color-3d3d3d\" href=\"http:\/\/ambervale.net\/index.php\/cartes\/\" title=\"\" data-vce-do-apply=\"padding border background  el-d95e6396\"><span class=\"vce-button--style-outline-text\">Lire la suite<\/span><\/a><\/span><\/div><\/div><\/div><\/div><\/section><section class=\"vce-feature-section-container vce-feature-section-media--xs\"><div class=\"vce vce-feature-section vce-feature-section--min-height vce-feature-section--reverse\" id=\"el-59108add\" data-vce-do-apply=\"margin border animation backgroundColor el-59108add\"><div class=\"vce-feature-section-image vce-feature-section-image--alignment-right\" data-vce-background-image-all=\"https:\/\/ambervale.net\/wp-content\/uploads\/2023\/10\/4515184-pointed-ears-fantasy-art-tavern-candles-1.jpg\" data-vce-background-image=\"all\" data-vce-lozad=\"true\" data-vce-do-apply=\"backgroundImage el-59108add\"><\/div><div class=\"vce-feature-section-content\"><div class=\"vce-feature-section-content-container\" data-vce-do-apply=\"padding el-59108add\"><div class=\"vce-feature-section-description\"><h1 style=\"text-align: left;\">LES RACES<\/h1>\n<p style=\"text-align: justify;\">Le Serveur Ambervale compte \u00e0 ce jour&nbsp;<strong>12 races<\/strong> disponibles ! Du classique valien, noble elyas ou robustes grim-roks, allant jusqu'aux \u00eatres bestiaux et aux humano\u00efdes draconiques : tous les joueurs, d\u00e9butants comme exp\u00e9riment\u00e9s, pourront cr\u00e9er leurs personnages selon leurs envies !&nbsp;<\/p><\/div><div class=\"vce-button--style-outline-container vce-button--style-outline-container--align-left\"><span class=\"vce-button--style-outline-wrapper vce\" id=\"el-b94fa6a0\" data-vce-do-apply=\"margin el-b94fa6a0\"><a class=\"vce-button vce-button--style-outline-animated vce-button--style-outline--border-rounded vce-button--style-outline--size-large vce-button--style-outline-animated--color-e3e3e3--fff--3d3d3d vce-button--style-outline-animated--border-color-e3e3e3--3d3d3d vce-button--style-outline-animated--background-color-3d3d3d\" href=\"https:\/\/ambervale.net\/index.php\/les-races\/\" title=\"\" data-vce-do-apply=\"padding border background  el-b94fa6a0\"><span class=\"vce-button--style-outline-text\">Lire la suite<\/span><\/a><\/span><\/div><\/div><\/div><\/div><\/section><section class=\"vce-feature-section-container vce-feature-section-media--xs\"><div class=\"vce vce-feature-section vce-feature-section--min-height\" id=\"el-65214e60\" data-vce-do-apply=\"margin border animation backgroundColor el-65214e60\"><div class=\"vce-feature-section-image vce-feature-section-image--alignment-left\" data-vce-background-image-all=\"https:\/\/ambervale.net\/wp-content\/uploads\/2024\/02\/Fealindor-3-1.png\" data-vce-background-image=\"all\" data-vce-lozad=\"true\" data-vce-do-apply=\"backgroundImage el-65214e60\"><\/div><div class=\"vce-feature-section-content\"><div class=\"vce-feature-section-content-container\" data-vce-do-apply=\"padding el-65214e60\"><div class=\"vce-feature-section-description\"><h1>LES DIVINIT\u00c9S DU PANTH\u00c9ON<\/h1>\n<p style=\"text-align: justify;\">Les Divins repr\u00e9sentent \u00e0 eux seuls les aspects primordiaux de l'existance, et r\u00e9gissent ce qui fut, ce qui est et ce qui sera. Si bon nombre d'entre eux sont v\u00e9n\u00e9r\u00e9s par les mortels, ils furent n\u00e9anmoins responsables des plus grands bouleversements de l'Univers l'ayant conduit \u00e0 ce qu'il est aujourd'hui.<\/p><\/div><div class=\"vce-button--style-outline-container vce-button--style-outline-container--align-left\"><span class=\"vce-button--style-outline-wrapper vce\" id=\"el-99a941bd\" data-vce-do-apply=\"margin el-99a941bd\"><a class=\"vce-button vce-button--style-outline-animated vce-button--style-outline--border-rounded vce-button--style-outline--size-large vce-button--style-outline-animated--color-e3e3e3--fff--3d3d3d vce-button--style-outline-animated--border-color-e3e3e3--3d3d3d vce-button--style-outline-animated--background-color-3d3d3d\" href=\"https:\/\/ambervale.net\/index.php\/2019\/02\/13\/le-pantheon\/\" title=\"\" data-vce-do-apply=\"padding border background  el-99a941bd\"><span class=\"vce-button--style-outline-text\">Lire la suite<\/span><\/a><\/span><\/div><\/div><\/div><\/div><\/section><\/div><\/div><\/div><\/div><\/div><\/div>\n","protected":false},"excerpt":{"rendered":"<p>CARTES ET M\u00c9MOIRES DU MONDE Ambervale est un univers riche de divers mondes, explor\u00e9s au fil des \u00e2ges et des aventures par nos membres. Retrouvez ici les anciennes cartes ainsi que l&rsquo;actuelle encore inexplor\u00e9e ! Retrouvez \u00e9galement l&rsquo;histoire de toutes les civilisations cr\u00e9\u00e9es au cours des mill\u00e9naires. &nbsp;Lire la suiteLES RACES Le Serveur Ambervale compte [&hellip;]<\/p>\n","protected":false},"author":2,"featured_media":0,"parent":20,"menu_order":2,"comment_status":"closed","ping_status":"closed","template":"","meta":{"footnotes":""},"blocksy_meta":[],"yoast_head":"<!-- This site is optimized with the Yoast SEO plugin v22.1 - https:\/\/yoast.com\/wordpress\/plugins\/seo\/ -->\n<title>Univers - Ambervale<\/title>\n<meta name=\"robots\" content=\"index, follow, max-snippet:-1, max-image-preview:large, max-video-preview:-1\" \/>\n<link rel=\"canonical\" href=\"https:\/\/ambervale.net\/index.php\/cartes\/univers\/\" \/>\n<meta property=\"og:locale\" content=\"fr_FR\" \/>\n<meta property=\"og:type\" content=\"article\" \/>\n<meta property=\"og:title\" content=\"Univers - Ambervale\" \/>\n<meta property=\"og:description\" content=\"CARTES ET M\u00c9MOIRES DU MONDE Ambervale est un univers riche de divers mondes, explor\u00e9s au fil des \u00e2ges et des aventures par nos membres. Retrouvez ici les anciennes cartes ainsi que l&#039;actuelle encore inexplor\u00e9e ! Retrouvez \u00e9galement l&#039;histoire de toutes les civilisations cr\u00e9\u00e9es au cours des mill\u00e9naires. &nbsp;Lire la suiteLES RACES Le Serveur Ambervale compte [&hellip;]\" \/>\n<meta property=\"og:url\" content=\"https:\/\/ambervale.net\/index.php\/cartes\/univers\/\" \/>\n<meta property=\"og:site_name\" content=\"Ambervale\" \/>\n<meta property=\"article:modified_time\" content=\"2025-06-21T22:31:43+00:00\" \/>\n<meta name=\"twitter:card\" content=\"summary_large_image\" \/>\n<meta name=\"twitter:label1\" content=\"Dur\u00e9e de lecture estim\u00e9e\" \/>\n\t<meta name=\"twitter:data1\" content=\"1 minute\" \/>\n<script type=\"application\/ld+json\" class=\"yoast-schema-graph\">{\"@context\":\"https:\/\/schema.org\",\"@graph\":[{\"@type\":\"WebPage\",\"@id\":\"https:\/\/ambervale.net\/index.php\/cartes\/univers\/\",\"url\":\"https:\/\/ambervale.net\/index.php\/cartes\/univers\/\",\"name\":\"Univers - Ambervale\",\"isPartOf\":{\"@id\":\"https:\/\/ambervale.net\/#website\"},\"datePublished\":\"2019-02-04T10:21:25+00:00\",\"dateModified\":\"2025-06-21T22:31:43+00:00\",\"breadcrumb\":{\"@id\":\"https:\/\/ambervale.net\/index.php\/cartes\/univers\/#breadcrumb\"},\"inLanguage\":\"fr-FR\",\"potentialAction\":[{\"@type\":\"ReadAction\",\"target\":[\"https:\/\/ambervale.net\/index.php\/cartes\/univers\/\"]}]},{\"@type\":\"BreadcrumbList\",\"@id\":\"https:\/\/ambervale.net\/index.php\/cartes\/univers\/#breadcrumb\",\"itemListElement\":[{\"@type\":\"ListItem\",\"position\":1,\"name\":\"Accueil\",\"item\":\"https:\/\/ambervale.net\/\"},{\"@type\":\"ListItem\",\"position\":2,\"name\":\"Les cartes\",\"item\":\"https:\/\/ambervale.net\/index.php\/cartes\/\"},{\"@type\":\"ListItem\",\"position\":3,\"name\":\"Univers\"}]},{\"@type\":\"WebSite\",\"@id\":\"https:\/\/ambervale.net\/#website\",\"url\":\"https:\/\/ambervale.net\/\",\"name\":\"Ambervale\",\"description\":\"Serveur Full-Role-Play\",\"publisher\":{\"@id\":\"https:\/\/ambervale.net\/#organization\"},\"potentialAction\":[{\"@type\":\"SearchAction\",\"target\":{\"@type\":\"EntryPoint\",\"urlTemplate\":\"https:\/\/ambervale.net\/?s={search_term_string}\"},\"query-input\":\"required name=search_term_string\"}],\"inLanguage\":\"fr-FR\"},{\"@type\":\"Organization\",\"@id\":\"https:\/\/ambervale.net\/#organization\",\"name\":\"Ambervale\",\"url\":\"https:\/\/ambervale.net\/\",\"logo\":{\"@type\":\"ImageObject\",\"inLanguage\":\"fr-FR\",\"@id\":\"https:\/\/ambervale.net\/#\/schema\/logo\/image\/\",\"url\":\"https:\/\/ambervale.net\/wp-content\/uploads\/2024\/02\/Logo-grand.png\",\"contentUrl\":\"https:\/\/ambervale.net\/wp-content\/uploads\/2024\/02\/Logo-grand.png\",\"width\":2223,\"height\":960,\"caption\":\"Ambervale\"},\"image\":{\"@id\":\"https:\/\/ambervale.net\/#\/schema\/logo\/image\/\"}}]}<\/script>\n<!-- \/ Yoast SEO plugin. -->","yoast_head_json":{"title":"Univers - Ambervale","robots":{"index":"index","follow":"follow","max-snippet":"max-snippet:-1","max-image-preview":"max-image-preview:large","max-video-preview":"max-video-preview:-1"},"canonical":"https:\/\/ambervale.net\/index.php\/cartes\/univers\/","og_locale":"fr_FR","og_type":"article","og_title":"Univers - Ambervale","og_description":"CARTES ET M\u00c9MOIRES DU MONDE Ambervale est un univers riche de divers mondes, explor\u00e9s au fil des \u00e2ges et des aventures par nos membres. Retrouvez ici les anciennes cartes ainsi que l'actuelle encore inexplor\u00e9e ! Retrouvez \u00e9galement l'histoire de toutes les civilisations cr\u00e9\u00e9es au cours des mill\u00e9naires. &nbsp;Lire la suiteLES RACES Le Serveur Ambervale compte [&hellip;]","og_url":"https:\/\/ambervale.net\/index.php\/cartes\/univers\/","og_site_name":"Ambervale","article_modified_time":"2025-06-21T22:31:43+00:00","twitter_card":"summary_large_image","twitter_misc":{"Dur\u00e9e de lecture estim\u00e9e":"1 minute"},"schema":{"@context":"https:\/\/schema.org","@graph":[{"@type":"WebPage","@id":"https:\/\/ambervale.net\/index.php\/cartes\/univers\/","url":"https:\/\/ambervale.net\/index.php\/cartes\/univers\/","name":"Univers - Ambervale","isPartOf":{"@id":"https:\/\/ambervale.net\/#website"},"datePublished":"2019-02-04T10:21:25+00:00","dateModified":"2025-06-21T22:31:43+00:00","breadcrumb":{"@id":"https:\/\/ambervale.net\/index.php\/cartes\/univers\/#breadcrumb"},"inLanguage":"fr-FR","potentialAction":[{"@type":"ReadAction","target":["https:\/\/ambervale.net\/index.php\/cartes\/univers\/"]}]},{"@type":"BreadcrumbList","@id":"https:\/\/ambervale.net\/index.php\/cartes\/univers\/#breadcrumb","itemListElement":[{"@type":"ListItem","position":1,"name":"Accueil","item":"https:\/\/ambervale.net\/"},{"@type":"ListItem","position":2,"name":"Les cartes","item":"https:\/\/ambervale.net\/index.php\/cartes\/"},{"@type":"ListItem","position":3,"name":"Univers"}]},{"@type":"WebSite","@id":"https:\/\/ambervale.net\/#website","url":"https:\/\/ambervale.net\/","name":"Ambervale","description":"Serveur Full-Role-Play","publisher":{"@id":"https:\/\/ambervale.net\/#organization"},"potentialAction":[{"@type":"SearchAction","target":{"@type":"EntryPoint","urlTemplate":"https:\/\/ambervale.net\/?s={search_term_string}"},"query-input":"required name=search_term_string"}],"inLanguage":"fr-FR"},{"@type":"Organization","@id":"https:\/\/ambervale.net\/#organization","name":"Ambervale","url":"https:\/\/ambervale.net\/","logo":{"@type":"ImageObject","inLanguage":"fr-FR","@id":"https:\/\/ambervale.net\/#\/schema\/logo\/image\/","url":"https:\/\/ambervale.net\/wp-content\/uploads\/2024\/02\/Logo-grand.png","contentUrl":"https:\/\/ambervale.net\/wp-content\/uploads\/2024\/02\/Logo-grand.png","width":2223,"height":960,"caption":"Ambervale"},"image":{"@id":"https:\/\/ambervale.net\/#\/schema\/logo\/image\/"}}]}},"_links":{"self":[{"href":"https:\/\/ambervale.net\/index.php\/wp-json\/wp\/v2\/pages\/38"}],"collection":[{"href":"https:\/\/ambervale.net\/index.php\/wp-json\/wp\/v2\/pages"}],"about":[{"href":"https:\/\/ambervale.net\/index.php\/wp-json\/wp\/v2\/types\/page"}],"author":[{"embeddable":true,"href":"https:\/\/ambervale.net\/index.php\/wp-json\/wp\/v2\/users\/2"}],"replies":[{"embeddable":true,"href":"https:\/\/ambervale.net\/index.php\/wp-json\/wp\/v2\/comments?post=38"}],"version-history":[{"count":13,"href":"https:\/\/ambervale.net\/index.php\/wp-json\/wp\/v2\/pages\/38\/revisions"}],"predecessor-version":[{"id":4214,"href":"https:\/\/ambervale.net\/index.php\/wp-json\/wp\/v2\/pages\/38\/revisions\/4214"}],"up":[{"embeddable":true,"href":"https:\/\/ambervale.net\/index.php\/wp-json\/wp\/v2\/pages\/20"}],"wp:attachment":[{"href":"https:\/\/ambervale.net\/index.php\/wp-json\/wp\/v2\/media?parent=38"}],"curies":[{"name":"wp","href":"https:\/\/api.w.org\/{rel}","templated":true}]}}